{"id":23,"date":"2022-06-24T20:43:35","date_gmt":"2022-06-24T20:43:35","guid":{"rendered":"https:\/\/www.chinookimmigration.com\/?page_id=23"},"modified":"2022-06-29T16:39:50","modified_gmt":"2022-06-29T16:39:50","slug":"contacto","status":"publish","type":"page","link":"https:\/\/www.chinookimmigration.com\/en\/contacto\/","title":{"rendered":"Contact"},"content":{"rendered":"<section class=\"l-section wpb_row us_custom_0dae1547 us_animate_this height_large\"><div class=\"l-section-overlay\" style=\"background:linear-gradient(90deg,#0d1c27,rgba(13,28,39,0.25))\"><\/div><div class=\"l-section-h i-cf\"><div class=\"g-cols vc_row via_flex valign_top type_default stacking_default\"><div class=\"vc_col-sm-12 wpb_column vc_column_container\"><div class=\"vc_column-inner\"><div class=\"wpb_wrapper\"><div class=\"w-separator hide_on_default hide_on_laptops size_huge\"><\/div><p class=\"w-post-elm post_title us_custom_5576f5e5 has_text_color entry-title color_link_inherit\">Contact<\/p><div class=\"w-separator size_small\"><\/div><nav class=\"g-breadcrumbs us_custom_60529d56 has_text_color separator_icon align_center\" itemscope itemtype=\"http:\/\/schema.org\/BreadcrumbList\"><div class=\"g-breadcrumbs-item\" itemscope itemprop=\"itemListElement\" itemtype=\"http:\/\/schema.org\/ListItem\"><a itemprop=\"item\" href=\"https:\/\/www.chinookimmigration.com\/en\/\"><span itemprop=\"name\">Home<\/span><\/a><meta itemprop=\"position\" content=\"1\"\/><\/div><div class=\"g-breadcrumbs-separator\"><i class=\"far fa-angle-right\"><\/i><\/div><div class=\"g-breadcrumbs-item\">Pages<\/div><\/nav><div class=\"w-separator hide_on_default hide_on_laptops size_huge\"><\/div><\/div><\/div><\/div><\/div><\/div><\/section><section class=\"l-section wpb_row height_medium\"><div class=\"l-section-h i-cf\"><div class=\"g-cols vc_row via_flex valign_top type_default stacking_default\"><div class=\"vc_col-sm-12 wpb_column vc_column_container\"><div class=\"vc_column-inner\"><div class=\"wpb_wrapper\"><div class=\"g-cols wpb_row via_flex valign_top type_default stacking_default\"><div class=\"vc_col-sm-6 wpb_column vc_column_container\"><div class=\"vc_column-inner us_custom_a640122a us_animate_this\"><div class=\"wpb_wrapper\"><div class=\"wpb_text_column us_custom_14a09f5e has_text_color\"><div class=\"wpb_wrapper\"><p>QUICK CONTACT<\/p>\n<\/div><\/div><div class=\"w-separator size_small\"><\/div><div class=\"wpb_text_column\"><div class=\"wpb_wrapper\"><h2>Have Questions?<\/h2>\n<\/div><\/div><div class=\"w-separator size_custom\" style=\"height:30px\"><\/div><div class=\"wpb_text_column\"><div class=\"wpb_wrapper\"><p>You can also contact us directly by email, phone or through a WhatsApp message<\/p>\n<\/div><\/div><div class=\"w-separator size_large\"><\/div><div class=\"w-iconbox iconpos_left style_default color_custom align_left has_gradient\"><div class=\"w-iconbox-icon\" style=\"font-size:50px;--icon-color:linear-gradient(180deg,#f5b812,#b90b07);\"><i class=\"fal fa-phone-alt\"><\/i><\/div><div class=\"w-iconbox-meta\"><h4 class=\"w-iconbox-title\">Phone<\/h4><div class=\"w-iconbox-text\"><p>+1 403 835 0029<\/p>\n<\/div><\/div><\/div><div class=\"w-separator size_medium\"><\/div><div class=\"w-iconbox iconpos_left style_default color_custom align_left has_gradient\"><div class=\"w-iconbox-icon\" style=\"font-size:50px;--icon-color:linear-gradient(180deg,#f5b812,#b90b07);\"><i class=\"fal fa-envelope\"><\/i><\/div><div class=\"w-iconbox-meta\"><h4 class=\"w-iconbox-title\">Email<\/h4><div class=\"w-iconbox-text\"><p>mildred@chinookimmigration.com<\/p>\n<\/div><\/div><\/div><div class=\"w-separator size_medium\"><\/div><div class=\"w-iconbox iconpos_left style_default color_custom align_left has_gradient\"><div class=\"w-iconbox-icon\" style=\"font-size:50px;--icon-color:linear-gradient(180deg,#f5b812,#b90b07);\"><i class=\"fal fa-map-marker-alt\"><\/i><\/div><div class=\"w-iconbox-meta\"><h4 class=\"w-iconbox-title\">Address<\/h4><div class=\"w-iconbox-text\"><p>Calgary, Alberta, Canada<\/p>\n<\/div><\/div><\/div><\/div><\/div><\/div><div class=\"vc_col-sm-6 wpb_column vc_column_container\"><div class=\"vc_column-inner us_custom_d628d18a us_animate_this\"><div class=\"wpb_wrapper\"><div class=\"wpb_text_column us_custom_14a09f5e has_text_color\"><div class=\"wpb_wrapper\"><p>ENV\u00cdANOS UN MENSAJE<\/p>\n<\/div><\/div><div class=\"w-separator size_small\"><\/div><div class=\"wpb_text_column\"><div class=\"wpb_wrapper\"><h2>Get in Touch<\/h2>\n<\/div><\/div><div class=\"w-separator size_custom\" style=\"height:30px\"><\/div><div class=\"wpb_text_column\"><div class=\"wpb_wrapper\"><p>Please feel free to contact us using the contact form below. We would love to hear from you.<\/p>\n<\/div><\/div>\n<div class=\"wpcf7 no-js\" id=\"wpcf7-f46-o1\" lang=\"es-ES\" dir=\"ltr\" data-wpcf7-id=\"46\">\n<div class=\"screen-reader-response\"><p role=\"status\" aria-live=\"polite\" aria-atomic=\"true\"><\/p> <ul><\/ul><\/div>\n<form action=\"\/en\/wp-json\/wp\/v2\/pages\/23#wpcf7-f46-o1\" method=\"post\" class=\"wpcf7-form init\" aria-label=\"Formulario de contacto\" novalidate=\"novalidate\" data-status=\"init\" data-trp-original-action=\"\/en\/wp-json\/wp\/v2\/pages\/23#wpcf7-f46-o1\">\n<div style=\"display: none;\">\n<input type=\"hidden\" name=\"_wpcf7\" value=\"46\" \/>\n<input type=\"hidden\" name=\"_wpcf7_version\" value=\"6.0.6\" \/>\n<input type=\"hidden\" name=\"_wpcf7_locale\" value=\"es_ES\" \/>\n<input type=\"hidden\" name=\"_wpcf7_unit_tag\" value=\"wpcf7-f46-o1\" \/>\n<input type=\"hidden\" name=\"_wpcf7_container_post\" value=\"0\" \/>\n<input type=\"hidden\" name=\"_wpcf7_posted_data_hash\" value=\"\" \/>\n<\/div>\n<div class=\"one-half\">\n\t<p><span class=\"wpcf7-form-control-wrap\" data-name=\"nombres\"><input size=\"40\" maxlength=\"400\" class=\"wpcf7-form-control wpcf7-text wpcf7-validates-as-required\" aria-required=\"true\" aria-invalid=\"false\" placeholder=\"Name\" value=\"\" type=\"text\" name=\"nombres\" \/><\/span>\n\t<\/p>\n<\/div>\n<div class=\"one-half last\">\n\t<p><span class=\"wpcf7-form-control-wrap\" data-name=\"whats\"><input size=\"40\" maxlength=\"400\" class=\"wpcf7-form-control wpcf7-tel wpcf7-text wpcf7-validates-as-tel\" aria-invalid=\"false\" placeholder=\"Phone\" value=\"\" type=\"tel\" name=\"whats\" \/><\/span>\n\t<\/p>\n<\/div>\n<p><span id=\"wpcf7-69f90326a8c71-wrapper\" class=\"wpcf7-form-control-wrap phone-wrap\" style=\"display:none !important; visibility:hidden !important;\"><label for=\"wpcf7-69f90326a8c71-field\" class=\"hp-message\">Por favor, deja este campo vac\u00edo.<\/label><input id=\"wpcf7-69f90326a8c71-field\"  class=\"wpcf7-form-control wpcf7-text\" type=\"text\" name=\"phone\" value=\"\" size=\"40\" tabindex=\"-1\" autocomplete=\"new-password\" \/><\/span>\n<\/p>\n<div class=\"one-half\">\n\t<p><span class=\"wpcf7-form-control-wrap\" data-name=\"correos\"><input size=\"40\" maxlength=\"400\" class=\"wpcf7-form-control wpcf7-email wpcf7-validates-as-required wpcf7-text wpcf7-validates-as-email\" aria-required=\"true\" aria-invalid=\"false\" placeholder=\"Email\" value=\"\" type=\"email\" name=\"correos\" \/><\/span>\n\t<\/p>\n<\/div>\n<p><span id=\"wpcf7-69f90326a8d3e-wrapper\" class=\"wpcf7-form-control-wrap website-wrap\" style=\"display:none !important; visibility:hidden !important;\"><label for=\"wpcf7-69f90326a8d3e-field\" class=\"hp-message\">Por favor, deja este campo vac\u00edo.<\/label><input id=\"wpcf7-69f90326a8d3e-field\"  class=\"wpcf7-form-control wpcf7-text\" type=\"text\" name=\"website\" value=\"\" size=\"40\" tabindex=\"-1\" autocomplete=\"new-password\" \/><\/span>\n<\/p>\n<div class=\"one-half last\">\n\t<p><span class=\"wpcf7-form-control-wrap\" data-name=\"asuntos\"><input size=\"40\" maxlength=\"400\" class=\"wpcf7-form-control wpcf7-text wpcf7-validates-as-required\" aria-required=\"true\" aria-invalid=\"false\" placeholder=\"Subject\" value=\"\" type=\"text\" name=\"asuntos\" \/><\/span>\n\t<\/p>\n<\/div>\n<p><span class=\"wpcf7-form-control-wrap\" data-name=\"mensajes\"><textarea cols=\"40\" rows=\"10\" maxlength=\"2000\" class=\"wpcf7-form-control wpcf7-textarea wpcf7-validates-as-required\" aria-required=\"true\" aria-invalid=\"false\" placeholder=\"Message\" name=\"mensajes\"><\/textarea><\/span>\n<\/p>\n<p><input class=\"wpcf7-form-control wpcf7-submit has-spinner\" type=\"submit\" value=\"Submit\" \/>\n<\/p><div class=\"wpcf7-response-output\" aria-hidden=\"true\"><\/div>\n<input type=\"hidden\" name=\"trp-form-language\" value=\"en\"\/><\/form>\n<\/div>\n<\/div><\/div><\/div><\/div><\/div><\/div><\/div><\/div><\/div><\/section>","protected":false},"excerpt":{"rendered":"ContactoHomePagesCONTACTO R\u00c1PIDO \u00bfTienes alguna pregunta? Tambi\u00e9n puedes contactarnos directamente por correo electr\u00f3nico, tel\u00e9fono o mediante un mensaje de WhatsApp Tel\u00e9fono+1 403 835 0029 Emailmildred@chinookimmigration.com Ubicaci\u00f3nCalgary, Alberta, Canad\u00e1 ENV\u00cdANOS UN MENSAJE Ponte en Contacto No dudes en ponerte en contacto con nosotros utilizando el siguiente formulario de contacto. Nos encantar\u00eda escuchar de ti. Por favor, deja...","protected":false},"author":1,"featured_media":13,"parent":0,"menu_order":0,"comment_status":"closed","ping_status":"closed","template":"","meta":{"footnotes":""},"class_list":["post-23","page","type-page","status-publish","has-post-thumbnail","hentry"],"yoast_head":"<!-- This site is optimized with the Yoast SEO plugin v25.3.1 - https:\/\/yoast.com\/wordpress\/plugins\/seo\/ -->\n<title>Chinook Immigration | Contacto<\/title>\n<meta name=\"robots\" content=\"index, follow, max-snippet:-1, max-image-preview:large, max-video-preview:-1\" \/>\n<link rel=\"canonical\" href=\"https:\/\/www.chinookimmigration.com\/en\/contacto\/\" \/>\n<meta property=\"og:locale\" content=\"en_US\" \/>\n<meta property=\"og:type\" content=\"article\" \/>\n<meta property=\"og:title\" content=\"Chinook Immigration | Contacto\" \/>\n<meta property=\"og:url\" content=\"https:\/\/www.chinookimmigration.com\/en\/contacto\/\" \/>\n<meta property=\"og:site_name\" content=\"Chinook Immigration\" \/>\n<meta property=\"article:modified_time\" content=\"2022-06-29T16:39:50+00:00\" \/>\n<meta property=\"og:image\" content=\"https:\/\/www.chinookimmigration.com\/wp-content\/uploads\/2022\/06\/Chinook.jpg\" \/>\n\t<meta property=\"og:image:width\" content=\"1024\" \/>\n\t<meta property=\"og:image:height\" content=\"1024\" \/>\n\t<meta property=\"og:image:type\" content=\"image\/jpeg\" \/>\n<meta name=\"twitter:card\" content=\"summary_large_image\" \/>\n<meta name=\"twitter:label1\" content=\"Est. reading time\" \/>\n\t<meta name=\"twitter:data1\" content=\"2 minutes\" \/>\n<script type=\"application\/ld+json\" class=\"yoast-schema-graph\">{\"@context\":\"https:\/\/schema.org\",\"@graph\":[{\"@type\":\"WebPage\",\"@id\":\"https:\/\/www.chinookimmigration.com\/contacto\/\",\"url\":\"https:\/\/www.chinookimmigration.com\/contacto\/\",\"name\":\"Chinook Immigration | Contacto\",\"isPartOf\":{\"@id\":\"https:\/\/www.chinookimmigration.com\/#website\"},\"primaryImageOfPage\":{\"@id\":\"https:\/\/www.chinookimmigration.com\/contacto\/#primaryimage\"},\"image\":{\"@id\":\"https:\/\/www.chinookimmigration.com\/contacto\/#primaryimage\"},\"thumbnailUrl\":\"https:\/\/www.chinookimmigration.com\/wp-content\/uploads\/2022\/06\/Chinook.jpg\",\"datePublished\":\"2022-06-24T20:43:35+00:00\",\"dateModified\":\"2022-06-29T16:39:50+00:00\",\"breadcrumb\":{\"@id\":\"https:\/\/www.chinookimmigration.com\/contacto\/#breadcrumb\"},\"inLanguage\":\"en-US\",\"potentialAction\":[{\"@type\":\"ReadAction\",\"target\":[\"https:\/\/www.chinookimmigration.com\/contacto\/\"]}]},{\"@type\":\"ImageObject\",\"inLanguage\":\"en-US\",\"@id\":\"https:\/\/www.chinookimmigration.com\/contacto\/#primaryimage\",\"url\":\"https:\/\/www.chinookimmigration.com\/wp-content\/uploads\/2022\/06\/Chinook.jpg\",\"contentUrl\":\"https:\/\/www.chinookimmigration.com\/wp-content\/uploads\/2022\/06\/Chinook.jpg\",\"width\":1024,\"height\":1024,\"caption\":\"Consultor\u00eda de Inmigraci\u00f3n en Canad\u00e1\"},{\"@type\":\"BreadcrumbList\",\"@id\":\"https:\/\/www.chinookimmigration.com\/contacto\/#breadcrumb\",\"itemListElement\":[{\"@type\":\"ListItem\",\"position\":1,\"name\":\"Portada\",\"item\":\"https:\/\/www.chinookimmigration.com\/\"},{\"@type\":\"ListItem\",\"position\":2,\"name\":\"Contacto\"}]},{\"@type\":\"WebSite\",\"@id\":\"https:\/\/www.chinookimmigration.com\/#website\",\"url\":\"https:\/\/www.chinookimmigration.com\/\",\"name\":\"Chinook Immigration\",\"description\":\"Solutions\",\"publisher\":{\"@id\":\"https:\/\/www.chinookimmigration.com\/#organization\"},\"potentialAction\":[{\"@type\":\"SearchAction\",\"target\":{\"@type\":\"EntryPoint\",\"urlTemplate\":\"https:\/\/www.chinookimmigration.com\/?s={search_term_string}\"},\"query-input\":{\"@type\":\"PropertyValueSpecification\",\"valueRequired\":true,\"valueName\":\"search_term_string\"}}],\"inLanguage\":\"en-US\"},{\"@type\":\"Organization\",\"@id\":\"https:\/\/www.chinookimmigration.com\/#organization\",\"name\":\"Chinook Immigration\",\"url\":\"https:\/\/www.chinookimmigration.com\/\",\"logo\":{\"@type\":\"ImageObject\",\"inLanguage\":\"en-US\",\"@id\":\"https:\/\/www.chinookimmigration.com\/#\/schema\/logo\/image\/\",\"url\":\"https:\/\/www.chinookimmigration.com\/wp-content\/uploads\/2022\/06\/Chinook.jpg\",\"contentUrl\":\"https:\/\/www.chinookimmigration.com\/wp-content\/uploads\/2022\/06\/Chinook.jpg\",\"width\":1024,\"height\":1024,\"caption\":\"Chinook Immigration\"},\"image\":{\"@id\":\"https:\/\/www.chinookimmigration.com\/#\/schema\/logo\/image\/\"}}]}<\/script>\n<!-- \/ Yoast SEO plugin. -->","yoast_head_json":{"title":"Chinook Immigration | Contacto","robots":{"index":"index","follow":"follow","max-snippet":"max-snippet:-1","max-image-preview":"max-image-preview:large","max-video-preview":"max-video-preview:-1"},"canonical":"https:\/\/www.chinookimmigration.com\/en\/contacto\/","og_locale":"en_US","og_type":"article","og_title":"Chinook Immigration | Contacto","og_url":"https:\/\/www.chinookimmigration.com\/en\/contacto\/","og_site_name":"Chinook Immigration","article_modified_time":"2022-06-29T16:39:50+00:00","og_image":[{"width":1024,"height":1024,"url":"https:\/\/www.chinookimmigration.com\/wp-content\/uploads\/2022\/06\/Chinook.jpg","type":"image\/jpeg"}],"twitter_card":"summary_large_image","twitter_misc":{"Est. reading time":"2 minutes"},"schema":{"@context":"https:\/\/schema.org","@graph":[{"@type":"WebPage","@id":"https:\/\/www.chinookimmigration.com\/contacto\/","url":"https:\/\/www.chinookimmigration.com\/contacto\/","name":"Chinook Immigration | Contacto","isPartOf":{"@id":"https:\/\/www.chinookimmigration.com\/#website"},"primaryImageOfPage":{"@id":"https:\/\/www.chinookimmigration.com\/contacto\/#primaryimage"},"image":{"@id":"https:\/\/www.chinookimmigration.com\/contacto\/#primaryimage"},"thumbnailUrl":"https:\/\/www.chinookimmigration.com\/wp-content\/uploads\/2022\/06\/Chinook.jpg","datePublished":"2022-06-24T20:43:35+00:00","dateModified":"2022-06-29T16:39:50+00:00","breadcrumb":{"@id":"https:\/\/www.chinookimmigration.com\/contacto\/#breadcrumb"},"inLanguage":"en-US","potentialAction":[{"@type":"ReadAction","target":["https:\/\/www.chinookimmigration.com\/contacto\/"]}]},{"@type":"ImageObject","inLanguage":"en-US","@id":"https:\/\/www.chinookimmigration.com\/contacto\/#primaryimage","url":"https:\/\/www.chinookimmigration.com\/wp-content\/uploads\/2022\/06\/Chinook.jpg","contentUrl":"https:\/\/www.chinookimmigration.com\/wp-content\/uploads\/2022\/06\/Chinook.jpg","width":1024,"height":1024,"caption":"Consultor\u00eda de Inmigraci\u00f3n en Canad\u00e1"},{"@type":"BreadcrumbList","@id":"https:\/\/www.chinookimmigration.com\/contacto\/#breadcrumb","itemListElement":[{"@type":"ListItem","position":1,"name":"Portada","item":"https:\/\/www.chinookimmigration.com\/"},{"@type":"ListItem","position":2,"name":"Contacto"}]},{"@type":"WebSite","@id":"https:\/\/www.chinookimmigration.com\/#website","url":"https:\/\/www.chinookimmigration.com\/","name":"Chinook Immigration","description":"Solutions","publisher":{"@id":"https:\/\/www.chinookimmigration.com\/#organization"},"potentialAction":[{"@type":"SearchAction","target":{"@type":"EntryPoint","urlTemplate":"https:\/\/www.chinookimmigration.com\/?s={search_term_string}"},"query-input":{"@type":"PropertyValueSpecification","valueRequired":true,"valueName":"search_term_string"}}],"inLanguage":"en-US"},{"@type":"Organization","@id":"https:\/\/www.chinookimmigration.com\/#organization","name":"Chinook Immigration","url":"https:\/\/www.chinookimmigration.com\/","logo":{"@type":"ImageObject","inLanguage":"en-US","@id":"https:\/\/www.chinookimmigration.com\/#\/schema\/logo\/image\/","url":"https:\/\/www.chinookimmigration.com\/wp-content\/uploads\/2022\/06\/Chinook.jpg","contentUrl":"https:\/\/www.chinookimmigration.com\/wp-content\/uploads\/2022\/06\/Chinook.jpg","width":1024,"height":1024,"caption":"Chinook Immigration"},"image":{"@id":"https:\/\/www.chinookimmigration.com\/#\/schema\/logo\/image\/"}}]}},"_links":{"self":[{"href":"https:\/\/www.chinookimmigration.com\/en\/wp-json\/wp\/v2\/pages\/23","targetHints":{"allow":["GET"]}}],"collection":[{"href":"https:\/\/www.chinookimmigration.com\/en\/wp-json\/wp\/v2\/pages"}],"about":[{"href":"https:\/\/www.chinookimmigration.com\/en\/wp-json\/wp\/v2\/types\/page"}],"author":[{"embeddable":true,"href":"https:\/\/www.chinookimmigration.com\/en\/wp-json\/wp\/v2\/users\/1"}],"replies":[{"embeddable":true,"href":"https:\/\/www.chinookimmigration.com\/en\/wp-json\/wp\/v2\/comments?post=23"}],"version-history":[{"count":0,"href":"https:\/\/www.chinookimmigration.com\/en\/wp-json\/wp\/v2\/pages\/23\/revisions"}],"wp:featuredmedia":[{"embeddable":true,"href":"https:\/\/www.chinookimmigration.com\/en\/wp-json\/wp\/v2\/media\/13"}],"wp:attachment":[{"href":"https:\/\/www.chinookimmigration.com\/en\/wp-json\/wp\/v2\/media?parent=23"}],"curies":[{"name":"wp","href":"https:\/\/api.w.org\/{rel}","templated":true}]}}