{"id":21,"date":"2022-06-24T20:43:22","date_gmt":"2022-06-24T20:43:22","guid":{"rendered":"https:\/\/www.chinookimmigration.com\/?page_id=21"},"modified":"2023-09-01T18:05:16","modified_gmt":"2023-09-01T18:05:16","slug":"nosotros","status":"publish","type":"page","link":"https:\/\/www.chinookimmigration.com\/en\/nosotros\/","title":{"rendered":"About"},"content":{"rendered":"<section class=\"l-section wpb_row us_custom_0dae1547 us_animate_this height_large\"><div class=\"l-section-overlay\" style=\"background:linear-gradient(90deg,#0d1c27,rgba(13,28,39,0.25))\"><\/div><div class=\"l-section-h i-cf\"><div class=\"g-cols vc_row via_flex valign_top type_default stacking_default\"><div class=\"vc_col-sm-12 wpb_column vc_column_container\"><div class=\"vc_column-inner\"><div class=\"wpb_wrapper\"><div class=\"w-separator hide_on_default hide_on_laptops size_huge\"><\/div><div class=\"wpb_text_column us_custom_5576f5e5 has_text_color\"><div class=\"wpb_wrapper\"><p>Our team<\/p>\n<\/div><\/div><div class=\"w-separator size_small\"><\/div><nav class=\"g-breadcrumbs us_custom_60529d56 has_text_color separator_icon align_center\" itemscope itemtype=\"http:\/\/schema.org\/BreadcrumbList\"><div class=\"g-breadcrumbs-item\" itemscope itemprop=\"itemListElement\" itemtype=\"http:\/\/schema.org\/ListItem\"><a itemprop=\"item\" href=\"https:\/\/www.chinookimmigration.com\/en\/\"><span itemprop=\"name\">Home<\/span><\/a><meta itemprop=\"position\" content=\"1\"\/><\/div><div class=\"g-breadcrumbs-separator\"><i class=\"far fa-angle-right\"><\/i><\/div><div class=\"g-breadcrumbs-item\">Pages<\/div><\/nav><div class=\"w-separator hide_on_default hide_on_laptops size_huge\"><\/div><\/div><\/div><\/div><\/div><\/div><\/section><section class=\"l-section wpb_row height_medium\"><div class=\"l-section-h i-cf\"><div class=\"g-cols vc_row via_flex valign_top type_default stacking_default\"><div class=\"vc_col-sm-12 wpb_column vc_column_container\"><div class=\"vc_column-inner\"><div class=\"wpb_wrapper\"><div class=\"g-cols wpb_row via_flex valign_top type_default stacking_default\"><div class=\"vc_col-sm-6 wpb_column vc_column_container\"><div class=\"vc_column-inner us_custom_a640122a us_animate_this type_sticky\"><div class=\"wpb_wrapper\"><div class=\"w-image align_center\"><div class=\"w-image-h\"><img decoding=\"async\" width=\"684\" height=\"1024\" src=\"https:\/\/www.chinookimmigration.com\/wp-content\/uploads\/2023\/09\/mildred.webp\" class=\"attachment-full size-full\" alt=\"\" loading=\"lazy\" srcset=\"https:\/\/www.chinookimmigration.com\/wp-content\/uploads\/2023\/09\/mildred.webp 684w, https:\/\/www.chinookimmigration.com\/wp-content\/uploads\/2023\/09\/mildred-200x300.webp 200w, https:\/\/www.chinookimmigration.com\/wp-content\/uploads\/2023\/09\/mildred-8x12.webp 8w\" sizes=\"auto, (max-width: 684px) 100vw, 684px\" \/><\/div><\/div><\/div><\/div><\/div><div class=\"vc_col-sm-6 wpb_column vc_column_container\"><div class=\"vc_column-inner us_custom_d628d18a us_animate_this\"><div class=\"wpb_wrapper\"><div class=\"wpb_text_column us_custom_14a09f5e has_text_color\"><div class=\"wpb_wrapper\"><p>ABOUT<\/p>\n<\/div><\/div><div class=\"w-separator size_small\"><\/div><div class=\"wpb_text_column\"><div class=\"wpb_wrapper\"><h2>Mildred Castellanos<\/h2>\n<\/div><\/div><div class=\"wpb_text_column us_custom_2ea575dd has_text_color\"><div class=\"wpb_wrapper\"><p>Canadian Immigration Consultant | R706268<\/p>\n<\/div><\/div><div class=\"w-separator size_small\"><\/div><div class=\"w-image align_none\"><div class=\"w-image-h\"><img decoding=\"async\" width=\"300\" height=\"98\" src=\"https:\/\/www.chinookimmigration.com\/wp-content\/uploads\/2022\/06\/rcic-1-300x98.png\" class=\"attachment-medium size-medium\" alt=\"\" loading=\"lazy\" srcset=\"https:\/\/www.chinookimmigration.com\/wp-content\/uploads\/2022\/06\/rcic-1-300x98.png 300w, https:\/\/www.chinookimmigration.com\/wp-content\/uploads\/2022\/06\/rcic-1-1024x335.png 1024w, https:\/\/www.chinookimmigration.com\/wp-content\/uploads\/2022\/06\/rcic-1-18x6.png 18w\" sizes=\"auto, (max-width: 300px) 100vw, 300px\" \/><\/div><\/div><div class=\"w-separator size_custom\" style=\"height:30px\"><\/div><div class=\"wpb_text_column\"><div class=\"wpb_wrapper\"><p>Being an immigrant myself gave me the experience of going through my own immigration journey. I spent lengthy periods of time and put a lot of effort into clarifying questions which on many occasions became very frustrating. At some point, while thinking about changing careers, I decided that I wanted to be the person who helped other immigrants like myself get answers and plan strategies. I decided I wanted to represent them throughout their immigration journey.<\/p>\n<p>I moved to Canada in April of 2012 as a temporary worker for a post-doctoral position at the University of Calgary. I came from Mexico with a PhD in Biomedical Sciences and specialized in Molecular Biology. As a scientist, my training was based on developing strategies to answer key questions, solve problems and communicate my results in the simplest way possible.<\/p>\n<p>I developed a great attention to detail as well as astute research skills. Additionally, I have a very deep sense of responsibility. All these skills and characteristics have become essential for me now as a Registered Canadian Immigration Consultant (RCIC) to plan immigration strategies and to offer advice that is appropriate to each particular case. These skills also allow me to represent my clients in a committed, efficient, and high-quality manner.<\/p>\n<\/div><\/div><div class=\"w-separator size_small\"><\/div><div class=\"w-btn-wrapper align_none\"><a class=\"w-btn us-btn-style_2 icon_atright\" title=\"Contact\" href=\"https:\/\/www.chinookimmigration.com\/en\/contacto\/\"><span class=\"w-btn-label\">Contact us<\/span><i class=\"far fa-chevron-right\"><\/i><\/a><\/div><\/div><\/div><\/div><\/div><\/div><\/div><\/div><\/div><\/div><\/section><section class=\"l-section wpb_row height_small\"><div class=\"l-section-h i-cf\"><div class=\"g-cols vc_row via_flex valign_top type_default stacking_default\"><div class=\"vc_col-sm-12 wpb_column vc_column_container\"><div class=\"vc_column-inner\"><div class=\"wpb_wrapper\"><div class=\"g-cols wpb_row via_flex valign_top type_default stacking_default\"><div class=\"vc_col-sm-6 wpb_column vc_column_container\"><div class=\"vc_column-inner us_custom_a640122a us_animate_this\"><div class=\"wpb_wrapper\"><div class=\"w-separator size_medium\"><\/div><div class=\"wpb_text_column us_custom_14a09f5e has_text_color\"><div class=\"wpb_wrapper\"><p>ABOUT<\/p>\n<\/div><\/div><div class=\"w-separator size_small\"><\/div><div class=\"wpb_text_column\"><div class=\"wpb_wrapper\"><h2>Dafne Hunt<\/h2>\n<\/div><\/div><div class=\"wpb_text_column us_custom_2ea575dd has_text_color\"><div class=\"wpb_wrapper\"><p>Digital Marketing &amp; Social Media<\/p>\n<\/div><\/div><div class=\"w-separator size_custom\" style=\"height:30px\"><\/div><div class=\"wpb_text_column\"><div class=\"wpb_wrapper\"><p>Hi, I'm Dafne. I'm a small business digital marketing consultant with over 10 years of experience helping small businesses build their online presence. For the past 4 years, I have helped business owners to grow their entrepreneurship through the right mix of digital and social media marketing efforts.<\/p>\n<p>My process is designed to bring light and clarity to your business growth goals. Let's talk today about how I can support your business!<\/p>\n<\/div><\/div><div class=\"w-separator size_small\"><\/div><div class=\"w-btn-wrapper align_none\"><a class=\"w-btn us-btn-style_2 icon_atright\" title=\"MaramHub\" target=\"_blank\" rel=\"nofollow\" href=\"https:\/\/www.maramhub.com\/\"><span class=\"w-btn-label\">Website<\/span><i class=\"far fa-chevron-right\"><\/i><\/a><\/div><\/div><\/div><\/div><div class=\"vc_col-sm-6 wpb_column vc_column_container\"><div class=\"vc_column-inner us_custom_d628d18a us_animate_this type_sticky\"><div class=\"wpb_wrapper\"><div class=\"w-image align_center\"><div class=\"w-image-h\"><img decoding=\"async\" width=\"1080\" height=\"1080\" src=\"https:\/\/www.chinookimmigration.com\/wp-content\/uploads\/2022\/06\/dafne.jpg\" class=\"attachment-full size-full\" alt=\"\" loading=\"lazy\" srcset=\"https:\/\/www.chinookimmigration.com\/wp-content\/uploads\/2022\/06\/dafne.jpg 1080w, https:\/\/www.chinookimmigration.com\/wp-content\/uploads\/2022\/06\/dafne-300x300.jpg 300w, https:\/\/www.chinookimmigration.com\/wp-content\/uploads\/2022\/06\/dafne-1024x1024.jpg 1024w, https:\/\/www.chinookimmigration.com\/wp-content\/uploads\/2022\/06\/dafne-150x150.jpg 150w, https:\/\/www.chinookimmigration.com\/wp-content\/uploads\/2022\/06\/dafne-12x12.jpg 12w\" sizes=\"auto, (max-width: 1080px) 100vw, 1080px\" \/><\/div><\/div><\/div><\/div><\/div><\/div><div class=\"w-separator size_medium\"><\/div><\/div><\/div><\/div><\/div><\/div><\/section>","protected":false},"excerpt":{"rendered":"Nuestro equipo HomePagesACERCA DE Mildred Castellanos Consultora de Inmigraci\u00f3n Canadiense | R706268 Siendo una inmigrante, tengo la experiencia de haber pasado por procesos migratorios que me costaron mucho tiempo, esfuerzo, energ\u00eda y frustraciones. En alg\u00fan punto, mientras pensaba en cambiar de carrera, decid\u00ed que yo quer\u00eda ser aquella persona que ayudara a otros inmigrantes como...","protected":false},"author":1,"featured_media":13,"parent":0,"menu_order":0,"comment_status":"closed","ping_status":"closed","template":"","meta":{"footnotes":""},"class_list":["post-21","page","type-page","status-publish","has-post-thumbnail","hentry"],"yoast_head":"<!-- This site is optimized with the Yoast SEO plugin v25.3.1 - https:\/\/yoast.com\/wordpress\/plugins\/seo\/ -->\n<title>Chinook Immigration | Nosotros<\/title>\n<meta name=\"robots\" content=\"index, follow, max-snippet:-1, max-image-preview:large, max-video-preview:-1\" \/>\n<link rel=\"canonical\" href=\"https:\/\/www.chinookimmigration.com\/en\/nosotros\/\" \/>\n<meta property=\"og:locale\" content=\"en_US\" \/>\n<meta property=\"og:type\" content=\"article\" \/>\n<meta property=\"og:title\" content=\"Chinook Immigration | Nosotros\" \/>\n<meta property=\"og:url\" content=\"https:\/\/www.chinookimmigration.com\/en\/nosotros\/\" \/>\n<meta property=\"og:site_name\" content=\"Chinook Immigration\" \/>\n<meta property=\"article:modified_time\" content=\"2023-09-01T18:05:16+00:00\" \/>\n<meta property=\"og:image\" content=\"https:\/\/www.chinookimmigration.com\/wp-content\/uploads\/2022\/06\/Chinook.jpg\" \/>\n\t<meta property=\"og:image:width\" content=\"1024\" \/>\n\t<meta property=\"og:image:height\" content=\"1024\" \/>\n\t<meta property=\"og:image:type\" content=\"image\/jpeg\" \/>\n<meta name=\"twitter:card\" content=\"summary_large_image\" \/>\n<meta name=\"twitter:label1\" content=\"Est. reading time\" \/>\n\t<meta name=\"twitter:data1\" content=\"2 minutes\" \/>\n<script type=\"application\/ld+json\" class=\"yoast-schema-graph\">{\"@context\":\"https:\/\/schema.org\",\"@graph\":[{\"@type\":\"WebPage\",\"@id\":\"https:\/\/www.chinookimmigration.com\/nosotros\/\",\"url\":\"https:\/\/www.chinookimmigration.com\/nosotros\/\",\"name\":\"Chinook Immigration | Nosotros\",\"isPartOf\":{\"@id\":\"https:\/\/www.chinookimmigration.com\/#website\"},\"primaryImageOfPage\":{\"@id\":\"https:\/\/www.chinookimmigration.com\/nosotros\/#primaryimage\"},\"image\":{\"@id\":\"https:\/\/www.chinookimmigration.com\/nosotros\/#primaryimage\"},\"thumbnailUrl\":\"https:\/\/www.chinookimmigration.com\/wp-content\/uploads\/2022\/06\/Chinook.jpg\",\"datePublished\":\"2022-06-24T20:43:22+00:00\",\"dateModified\":\"2023-09-01T18:05:16+00:00\",\"breadcrumb\":{\"@id\":\"https:\/\/www.chinookimmigration.com\/nosotros\/#breadcrumb\"},\"inLanguage\":\"en-US\",\"potentialAction\":[{\"@type\":\"ReadAction\",\"target\":[\"https:\/\/www.chinookimmigration.com\/nosotros\/\"]}]},{\"@type\":\"ImageObject\",\"inLanguage\":\"en-US\",\"@id\":\"https:\/\/www.chinookimmigration.com\/nosotros\/#primaryimage\",\"url\":\"https:\/\/www.chinookimmigration.com\/wp-content\/uploads\/2022\/06\/Chinook.jpg\",\"contentUrl\":\"https:\/\/www.chinookimmigration.com\/wp-content\/uploads\/2022\/06\/Chinook.jpg\",\"width\":1024,\"height\":1024,\"caption\":\"Consultor\u00eda de Inmigraci\u00f3n en Canad\u00e1\"},{\"@type\":\"BreadcrumbList\",\"@id\":\"https:\/\/www.chinookimmigration.com\/nosotros\/#breadcrumb\",\"itemListElement\":[{\"@type\":\"ListItem\",\"position\":1,\"name\":\"Portada\",\"item\":\"https:\/\/www.chinookimmigration.com\/\"},{\"@type\":\"ListItem\",\"position\":2,\"name\":\"Nosotros\"}]},{\"@type\":\"WebSite\",\"@id\":\"https:\/\/www.chinookimmigration.com\/#website\",\"url\":\"https:\/\/www.chinookimmigration.com\/\",\"name\":\"Chinook Immigration\",\"description\":\"Solutions\",\"publisher\":{\"@id\":\"https:\/\/www.chinookimmigration.com\/#organization\"},\"potentialAction\":[{\"@type\":\"SearchAction\",\"target\":{\"@type\":\"EntryPoint\",\"urlTemplate\":\"https:\/\/www.chinookimmigration.com\/?s={search_term_string}\"},\"query-input\":{\"@type\":\"PropertyValueSpecification\",\"valueRequired\":true,\"valueName\":\"search_term_string\"}}],\"inLanguage\":\"en-US\"},{\"@type\":\"Organization\",\"@id\":\"https:\/\/www.chinookimmigration.com\/#organization\",\"name\":\"Chinook Immigration\",\"url\":\"https:\/\/www.chinookimmigration.com\/\",\"logo\":{\"@type\":\"ImageObject\",\"inLanguage\":\"en-US\",\"@id\":\"https:\/\/www.chinookimmigration.com\/#\/schema\/logo\/image\/\",\"url\":\"https:\/\/www.chinookimmigration.com\/wp-content\/uploads\/2022\/06\/Chinook.jpg\",\"contentUrl\":\"https:\/\/www.chinookimmigration.com\/wp-content\/uploads\/2022\/06\/Chinook.jpg\",\"width\":1024,\"height\":1024,\"caption\":\"Chinook Immigration\"},\"image\":{\"@id\":\"https:\/\/www.chinookimmigration.com\/#\/schema\/logo\/image\/\"}}]}<\/script>\n<!-- \/ Yoast SEO plugin. -->","yoast_head_json":{"title":"Chinook Immigration | Nosotros","robots":{"index":"index","follow":"follow","max-snippet":"max-snippet:-1","max-image-preview":"max-image-preview:large","max-video-preview":"max-video-preview:-1"},"canonical":"https:\/\/www.chinookimmigration.com\/en\/nosotros\/","og_locale":"en_US","og_type":"article","og_title":"Chinook Immigration | Nosotros","og_url":"https:\/\/www.chinookimmigration.com\/en\/nosotros\/","og_site_name":"Chinook Immigration","article_modified_time":"2023-09-01T18:05:16+00:00","og_image":[{"width":1024,"height":1024,"url":"https:\/\/www.chinookimmigration.com\/wp-content\/uploads\/2022\/06\/Chinook.jpg","type":"image\/jpeg"}],"twitter_card":"summary_large_image","twitter_misc":{"Est. reading time":"2 minutes"},"schema":{"@context":"https:\/\/schema.org","@graph":[{"@type":"WebPage","@id":"https:\/\/www.chinookimmigration.com\/nosotros\/","url":"https:\/\/www.chinookimmigration.com\/nosotros\/","name":"Chinook Immigration | Nosotros","isPartOf":{"@id":"https:\/\/www.chinookimmigration.com\/#website"},"primaryImageOfPage":{"@id":"https:\/\/www.chinookimmigration.com\/nosotros\/#primaryimage"},"image":{"@id":"https:\/\/www.chinookimmigration.com\/nosotros\/#primaryimage"},"thumbnailUrl":"https:\/\/www.chinookimmigration.com\/wp-content\/uploads\/2022\/06\/Chinook.jpg","datePublished":"2022-06-24T20:43:22+00:00","dateModified":"2023-09-01T18:05:16+00:00","breadcrumb":{"@id":"https:\/\/www.chinookimmigration.com\/nosotros\/#breadcrumb"},"inLanguage":"en-US","potentialAction":[{"@type":"ReadAction","target":["https:\/\/www.chinookimmigration.com\/nosotros\/"]}]},{"@type":"ImageObject","inLanguage":"en-US","@id":"https:\/\/www.chinookimmigration.com\/nosotros\/#primaryimage","url":"https:\/\/www.chinookimmigration.com\/wp-content\/uploads\/2022\/06\/Chinook.jpg","contentUrl":"https:\/\/www.chinookimmigration.com\/wp-content\/uploads\/2022\/06\/Chinook.jpg","width":1024,"height":1024,"caption":"Consultor\u00eda de Inmigraci\u00f3n en Canad\u00e1"},{"@type":"BreadcrumbList","@id":"https:\/\/www.chinookimmigration.com\/nosotros\/#breadcrumb","itemListElement":[{"@type":"ListItem","position":1,"name":"Portada","item":"https:\/\/www.chinookimmigration.com\/"},{"@type":"ListItem","position":2,"name":"Nosotros"}]},{"@type":"WebSite","@id":"https:\/\/www.chinookimmigration.com\/#website","url":"https:\/\/www.chinookimmigration.com\/","name":"Chinook Immigration","description":"Solutions","publisher":{"@id":"https:\/\/www.chinookimmigration.com\/#organization"},"potentialAction":[{"@type":"SearchAction","target":{"@type":"EntryPoint","urlTemplate":"https:\/\/www.chinookimmigration.com\/?s={search_term_string}"},"query-input":{"@type":"PropertyValueSpecification","valueRequired":true,"valueName":"search_term_string"}}],"inLanguage":"en-US"},{"@type":"Organization","@id":"https:\/\/www.chinookimmigration.com\/#organization","name":"Chinook Immigration","url":"https:\/\/www.chinookimmigration.com\/","logo":{"@type":"ImageObject","inLanguage":"en-US","@id":"https:\/\/www.chinookimmigration.com\/#\/schema\/logo\/image\/","url":"https:\/\/www.chinookimmigration.com\/wp-content\/uploads\/2022\/06\/Chinook.jpg","contentUrl":"https:\/\/www.chinookimmigration.com\/wp-content\/uploads\/2022\/06\/Chinook.jpg","width":1024,"height":1024,"caption":"Chinook Immigration"},"image":{"@id":"https:\/\/www.chinookimmigration.com\/#\/schema\/logo\/image\/"}}]}},"_links":{"self":[{"href":"https:\/\/www.chinookimmigration.com\/en\/wp-json\/wp\/v2\/pages\/21","targetHints":{"allow":["GET"]}}],"collection":[{"href":"https:\/\/www.chinookimmigration.com\/en\/wp-json\/wp\/v2\/pages"}],"about":[{"href":"https:\/\/www.chinookimmigration.com\/en\/wp-json\/wp\/v2\/types\/page"}],"author":[{"embeddable":true,"href":"https:\/\/www.chinookimmigration.com\/en\/wp-json\/wp\/v2\/users\/1"}],"replies":[{"embeddable":true,"href":"https:\/\/www.chinookimmigration.com\/en\/wp-json\/wp\/v2\/comments?post=21"}],"version-history":[{"count":2,"href":"https:\/\/www.chinookimmigration.com\/en\/wp-json\/wp\/v2\/pages\/21\/revisions"}],"predecessor-version":[{"id":222,"href":"https:\/\/www.chinookimmigration.com\/en\/wp-json\/wp\/v2\/pages\/21\/revisions\/222"}],"wp:featuredmedia":[{"embeddable":true,"href":"https:\/\/www.chinookimmigration.com\/en\/wp-json\/wp\/v2\/media\/13"}],"wp:attachment":[{"href":"https:\/\/www.chinookimmigration.com\/en\/wp-json\/wp\/v2\/media?parent=21"}],"curies":[{"name":"wp","href":"https:\/\/api.w.org\/{rel}","templated":true}]}}